{"id":498,"date":"2022-12-01T13:28:25","date_gmt":"2022-12-01T12:28:25","guid":{"rendered":"https:\/\/www.senmanref.com\/?page_id=498"},"modified":"2025-08-19T13:35:21","modified_gmt":"2025-08-19T11:35:21","slug":"transaktionsberatung","status":"publish","type":"page","link":"https:\/\/www.senmanref.com\/en\/transaktionsberatung\/","title":{"rendered":"Transaction consulting"},"content":{"rendered":"<div data-elementor-type=\"wp-page\" data-elementor-id=\"498\" class=\"elementor elementor-498\" data-elementor-post-type=\"page\">\n\t\t\t\t\t\t<section class=\"elementor-section elementor-top-section elementor-element elementor-element-7f84378 elementor-section-full_width elementor-section-height-default elementor-section-height-default\" data-id=\"7f84378\" data-element_type=\"section\" data-e-type=\"section\">\n\t\t\t\t\t\t<div class=\"elementor-container elementor-column-gap-no\">\n\t\t\t\t\t<div class=\"elementor-column elementor-col-100 elementor-top-column elementor-element elementor-element-d13c569\" data-id=\"d13c569\" data-element_type=\"column\" data-e-type=\"column\">\n\t\t\t<div class=\"elementor-widget-wrap elementor-element-populated\">\n\t\t\t\t\t\t<div class=\"elementor-element elementor-element-e546e4b elementor-widget elementor-widget-image\" data-id=\"e546e4b\" data-element_type=\"widget\" data-e-type=\"widget\" data-widget_type=\"image.default\">\n\t\t\t\t<div class=\"elementor-widget-container\">\n\t\t\t\t\t\t\t\t\t\t\t\t\t\t\t<img fetchpriority=\"high\" decoding=\"async\" width=\"2560\" height=\"768\" src=\"https:\/\/www.senmanref.com\/wp-content\/uploads\/2022\/12\/senmanref_bild_Transaktionsberatung-scaled.jpg\" class=\"attachment-full size-full wp-image-492\" alt=\"\" srcset=\"https:\/\/www.senmanref.com\/wp-content\/uploads\/2022\/12\/senmanref_bild_Transaktionsberatung-scaled.jpg 2560w, https:\/\/www.senmanref.com\/wp-content\/uploads\/2022\/12\/senmanref_bild_Transaktionsberatung-300x90.jpg 300w, https:\/\/www.senmanref.com\/wp-content\/uploads\/2022\/12\/senmanref_bild_Transaktionsberatung-1024x307.jpg 1024w, https:\/\/www.senmanref.com\/wp-content\/uploads\/2022\/12\/senmanref_bild_Transaktionsberatung-768x230.jpg 768w, https:\/\/www.senmanref.com\/wp-content\/uploads\/2022\/12\/senmanref_bild_Transaktionsberatung-1536x461.jpg 1536w, https:\/\/www.senmanref.com\/wp-content\/uploads\/2022\/12\/senmanref_bild_Transaktionsberatung-2048x614.jpg 2048w\" sizes=\"(max-width: 2560px) 100vw, 2560px\" \/>\t\t\t\t\t\t\t\t\t\t\t\t\t\t\t<\/div>\n\t\t\t\t<\/div>\n\t\t\t\t<section class=\"elementor-section elementor-inner-section elementor-element elementor-element-0167b2e elementor-section-boxed elementor-section-height-default elementor-section-height-default\" data-id=\"0167b2e\" data-element_type=\"section\" data-e-type=\"section\">\n\t\t\t\t\t\t<div class=\"elementor-container elementor-column-gap-default\">\n\t\t\t\t\t<div class=\"elementor-column elementor-col-100 elementor-inner-column elementor-element elementor-element-0f73627\" data-id=\"0f73627\" data-element_type=\"column\" data-e-type=\"column\">\n\t\t\t<div class=\"elementor-widget-wrap elementor-element-populated\">\n\t\t\t\t\t\t<div class=\"elementor-element elementor-element-b460787 elementor-widget elementor-widget-heading\" data-id=\"b460787\" data-element_type=\"widget\" data-e-type=\"widget\" data-widget_type=\"heading.default\">\n\t\t\t\t<div class=\"elementor-widget-container\">\n\t\t\t\t\t<h2 class=\"elementor-heading-title elementor-size-default\">Transaction consulting<\/h2>\t\t\t\t<\/div>\n\t\t\t\t<\/div>\n\t\t\t\t<div class=\"elementor-element elementor-element-b0003d7 elementor-widget elementor-widget-image\" data-id=\"b0003d7\" data-element_type=\"widget\" data-e-type=\"widget\" data-widget_type=\"image.default\">\n\t\t\t\t<div class=\"elementor-widget-container\">\n\t\t\t\t\t\t\t\t\t\t\t\t\t\t\t\t<a href=\"#scroll\">\n\t\t\t\t\t\t\t<img decoding=\"async\" width=\"62\" height=\"91\" src=\"https:\/\/www.senmanref.com\/wp-content\/uploads\/2022\/11\/Scroller.png\" class=\"elementor-animation-wobble-vertical attachment-full size-full wp-image-48\" alt=\"\" \/>\t\t\t\t\t\t\t\t<\/a>\n\t\t\t\t\t\t\t\t\t\t\t\t\t\t\t<\/div>\n\t\t\t\t<\/div>\n\t\t\t\t\t<\/div>\n\t\t<\/div>\n\t\t\t\t\t<\/div>\n\t\t<\/section>\n\t\t\t\t\t<\/div>\n\t\t<\/div>\n\t\t\t\t\t<\/div>\n\t\t<\/section>\n\t\t\t\t<section class=\"elementor-section elementor-top-section elementor-element elementor-element-3ca64a6 elementor-section-boxed elementor-section-height-default elementor-section-height-default\" data-id=\"3ca64a6\" data-element_type=\"section\" data-e-type=\"section\" id=\"scroll\" data-settings=\"{&quot;background_background&quot;:&quot;classic&quot;}\">\n\t\t\t\t\t\t<div class=\"elementor-container elementor-column-gap-default\">\n\t\t\t\t\t<div class=\"elementor-column elementor-col-50 elementor-top-column elementor-element elementor-element-1b1d341\" data-id=\"1b1d341\" data-element_type=\"column\" data-e-type=\"column\">\n\t\t\t<div class=\"elementor-widget-wrap elementor-element-populated\">\n\t\t\t\t\t\t<div class=\"elementor-element elementor-element-460a5b7 elementor-widget elementor-widget-heading\" data-id=\"460a5b7\" data-element_type=\"widget\" data-e-type=\"widget\" data-widget_type=\"heading.default\">\n\t\t\t\t<div class=\"elementor-widget-container\">\n\t\t\t\t\t<h2 class=\"elementor-heading-title elementor-size-default\">Transaction consulting<\/h2>\t\t\t\t<\/div>\n\t\t\t\t<\/div>\n\t\t\t\t<div class=\"elementor-element elementor-element-08106fa elementor-widget__width-initial elementor-widget-mobile__width-inherit elementor-widget elementor-widget-text-editor\" data-id=\"08106fa\" data-element_type=\"widget\" data-e-type=\"widget\" data-widget_type=\"text-editor.default\">\n\t\t\t\t<div class=\"elementor-widget-container\">\n\t\t\t\t\t\t\t\t\t<p>Wir unterst\u00fctzen Sie bei Ihrer Immobilientransaktion vom Beginn an bei der Recherche bis hin zum Ende bei vollst\u00e4ndiger \u00dcbergabe und bei Bedarf auch dar\u00fcber hinaus bei der Verwaltung Ihrer Immobilie.\u00a0<\/p>\t\t\t\t\t\t\t\t<\/div>\n\t\t\t\t<\/div>\n\t\t\t\t<div class=\"elementor-element elementor-element-3dacc0a elementor-widget elementor-widget-text-editor\" data-id=\"3dacc0a\" data-element_type=\"widget\" data-e-type=\"widget\" data-widget_type=\"text-editor.default\">\n\t\t\t\t<div class=\"elementor-widget-container\">\n\t\t\t\t\t\t\t\t\t<p>Unsere Beratung erstreckt sich \u00fcber die Assetklassen Wohnen, B\u00fcro, Einzelhandel, Hotel und Logistik.<\/p>\t\t\t\t\t\t\t\t<\/div>\n\t\t\t\t<\/div>\n\t\t\t\t\t<\/div>\n\t\t<\/div>\n\t\t\t\t<div class=\"elementor-column elementor-col-50 elementor-top-column elementor-element elementor-element-331803f elementor-hidden-mobile\" data-id=\"331803f\" data-element_type=\"column\" data-e-type=\"column\">\n\t\t\t<div class=\"elementor-widget-wrap\">\n\t\t\t\t\t\t\t<\/div>\n\t\t<\/div>\n\t\t\t\t\t<\/div>\n\t\t<\/section>\n\t\t\t\t<\/div>","protected":false},"excerpt":{"rendered":"<p>Transaktionsberatung Transaktionsberatung Wir unterst\u00fctzen Sie bei Ihrer Immobilientransaktion vom Beginn an bei der Recherche bis hin zum Ende bei vollst\u00e4ndiger \u00dcbergabe und bei Bedarf auch dar\u00fcber hinaus bei der Verwaltung Ihrer Immobilie.\u00a0 Unsere Beratung erstreckt sich \u00fcber die Assetklassen Wohnen, B\u00fcro, Einzelhandel, Hotel und Logistik.<\/p>","protected":false},"author":1,"featured_media":0,"parent":0,"menu_order":0,"comment_status":"closed","ping_status":"closed","template":"elementor_header_footer","meta":{"footnotes":""},"class_list":["post-498","page","type-page","status-publish","hentry"],"_links":{"self":[{"href":"https:\/\/www.senmanref.com\/en\/wp-json\/wp\/v2\/pages\/498","targetHints":{"allow":["GET"]}}],"collection":[{"href":"https:\/\/www.senmanref.com\/en\/wp-json\/wp\/v2\/pages"}],"about":[{"href":"https:\/\/www.senmanref.com\/en\/wp-json\/wp\/v2\/types\/page"}],"author":[{"embeddable":true,"href":"https:\/\/www.senmanref.com\/en\/wp-json\/wp\/v2\/users\/1"}],"replies":[{"embeddable":true,"href":"https:\/\/www.senmanref.com\/en\/wp-json\/wp\/v2\/comments?post=498"}],"version-history":[{"count":10,"href":"https:\/\/www.senmanref.com\/en\/wp-json\/wp\/v2\/pages\/498\/revisions"}],"predecessor-version":[{"id":693,"href":"https:\/\/www.senmanref.com\/en\/wp-json\/wp\/v2\/pages\/498\/revisions\/693"}],"wp:attachment":[{"href":"https:\/\/www.senmanref.com\/en\/wp-json\/wp\/v2\/media?parent=498"}],"curies":[{"name":"wp","href":"https:\/\/api.w.org\/{rel}","templated":true}]}}